{"id":2,"date":"2025-12-18T11:16:07","date_gmt":"2025-12-18T10:16:07","guid":{"rendered":"http:\/\/sanoterclinicfoundation.ro\/?page_id=2"},"modified":"2025-12-18T14:12:41","modified_gmt":"2025-12-18T13:12:41","slug":"beispiel-seite","status":"publish","type":"page","link":"http:\/\/sanoterclinicfoundation.ro\/index.php\/beispiel-seite\/","title":{"rendered":"Despre noi"},"content":{"rendered":"\n<p>Credem c\u0103 <strong>dreptul la s\u0103n\u0103tate ar trebui s\u0103 fie universal<\/strong>, nu un privilegiu condi\u021bionat de posibilit\u0103\u021bile financiare.<\/p>\n\n\n\n<p>Funda\u021bia noastr\u0103 a fost creat\u0103 pentru a sprijini persoanele care, din motive financiare sau sociale, nu \u00ee\u0219i pot permite tratamentele medicale de care au nevoie. <\/p>\n\n\n\n<blockquote class=\"wp-block-quote is-layout-flow wp-block-quote-is-layout-flow\">\n<p>Ajut\u0103m <strong>f\u0103r\u0103 discriminare<\/strong>, indiferent de v\u00e2rst\u0103, diagnostic, statut social sau trecut. Ne ghid\u0103m dup\u0103 un principiu simplu: <strong>atunci c\u00e2nd cineva are nevoie de ajutor pentru a se trata, nu ar trebui s\u0103 fie singur<\/strong>.<\/p>\n<\/blockquote>\n\n\n\n<p>Intervenim acolo unde sistemul public sau resursele personale nu mai sunt suficiente. Direc\u021bion\u0103m dona\u021biile c\u0103tre tratamente medicale, terapii, investiga\u021bii \u0219i medicamente esen\u021biale, oferind sprijin real \u0219i concret celor afla\u021bi \u00een nevoie.<\/p>\n\n\n\n<p>Lucr\u0103m transparent, responsabil \u0219i cu respect fa\u021b\u0103 de fiecare caz \u00een parte. Colabor\u0103m cu medici, spitale, voluntari \u0219i parteneri pentru a ne asigura c\u0103 ajutorul ajunge rapid \u0219i eficient acolo unde este cea mai mare nevoie.<\/p>\n\n\n\n<blockquote class=\"wp-block-quote is-layout-flow wp-block-quote-is-layout-flow\">\n<p>Suntem mai mult dec\u00e2t o funda\u021bie \u2013 suntem o comunitate de oameni care cred c\u0103 <strong>empatia, solidaritatea \u0219i implicarea pot salva vie\u021bi<\/strong>.<\/p>\n<\/blockquote>\n\n\n\n<p>\u00cempreun\u0103, putem transforma lipsa de acces la tratament \u00eentr-o \u0219ans\u0103 real\u0103 la s\u0103n\u0103tate \u0219i demnitate.<\/p>\n","protected":false},"excerpt":{"rendered":"<p>Credem c\u0103 dreptul la s\u0103n\u0103tate ar trebui s\u0103 fie universal, nu un privilegiu condi\u021bionat de posibilit\u0103\u021bile financiare. Funda\u021bia noastr\u0103 a fost creat\u0103 pentru a sprijini persoanele care, din motive financiare sau sociale, nu \u00ee\u0219i pot permite tratamentele medicale de care au nevoie. Ajut\u0103m f\u0103r\u0103 discriminare, indiferent de v\u00e2rst\u0103, diagnostic, statut social sau trecut. Ne ghid\u0103m [&hellip;]<\/p>\n","protected":false},"author":1,"featured_media":0,"parent":0,"menu_order":0,"comment_status":"closed","ping_status":"open","template":"","meta":{"footnotes":""},"class_list":["post-2","page","type-page","status-publish","hentry"],"_links":{"self":[{"href":"http:\/\/sanoterclinicfoundation.ro\/index.php\/wp-json\/wp\/v2\/pages\/2","targetHints":{"allow":["GET"]}}],"collection":[{"href":"http:\/\/sanoterclinicfoundation.ro\/index.php\/wp-json\/wp\/v2\/pages"}],"about":[{"href":"http:\/\/sanoterclinicfoundation.ro\/index.php\/wp-json\/wp\/v2\/types\/page"}],"author":[{"embeddable":true,"href":"http:\/\/sanoterclinicfoundation.ro\/index.php\/wp-json\/wp\/v2\/users\/1"}],"replies":[{"embeddable":true,"href":"http:\/\/sanoterclinicfoundation.ro\/index.php\/wp-json\/wp\/v2\/comments?post=2"}],"version-history":[{"count":2,"href":"http:\/\/sanoterclinicfoundation.ro\/index.php\/wp-json\/wp\/v2\/pages\/2\/revisions"}],"predecessor-version":[{"id":34,"href":"http:\/\/sanoterclinicfoundation.ro\/index.php\/wp-json\/wp\/v2\/pages\/2\/revisions\/34"}],"wp:attachment":[{"href":"http:\/\/sanoterclinicfoundation.ro\/index.php\/wp-json\/wp\/v2\/media?parent=2"}],"curies":[{"name":"wp","href":"https:\/\/api.w.org\/{rel}","templated":true}]}}